{"id":2,"date":"2016-05-10T03:48:21","date_gmt":"2016-05-10T03:48:21","guid":{"rendered":"http:\/\/mathias.woelfing.org\/?page_id=2"},"modified":"2020-10-29T16:19:42","modified_gmt":"2020-10-29T16:19:42","slug":"sample-page","status":"publish","type":"page","link":"http:\/\/mathias.woelfing.org\/?page_id=2","title":{"rendered":"about me&#8230;"},"content":{"rendered":"\n<p><em><a href=\"#ger\">&lt;&lt;f\u00fcr deutsche Version hier klicken&gt;&gt;<\/a><\/em><\/p>\n\n\n\n<p>I\u2019m a freelance service provider with a focus on developing and realizing art and exhibition projects. In cooperation with my clients I develop strategies to create a powerful staging of exhibits as well as technical solutions for the realization of art works, always with focus on feasibility and practicability.<\/p>\n\n\n\n<p>Whether involved in the conception of an exhibition or art work from the first hour, or only in the implementation in the museum, gallery or fair, through my wide range of work experience \u2013 from the off-space to the high-class museum \u2013 I&#8217;m accustomed to a flexible, result-oriented, constructive and problem-solving way of working.<\/p>\n\n\n\n<p>The successful planning of a project requires a high level of detail and material knowledge combined with profound technical know-how. I combine these skills and offer specialized knowledge in display, media and lighting technology in the art context, as well as project management, budgeting and controlling of exhibition projects. My large network of suppliers and service providers completes my profile.<\/p>\n\n\n\n<p>I studied art history and sinology at the Freie Universit\u00e4t Berlin, Nanjing University and Albert-Ludwigs-Universit\u00e4t Freiburg.<\/p>\n\n\n\n<h1 class=\"wp-block-heading\">profile<\/h1>\n\n\n\n<ul class=\"wp-block-list\"><li>Management<ul><li>Project management<\/li><li>Planning and coordination of construction sites<\/li><\/ul><ul><li>Logistics<\/li><\/ul><\/li><li>Exhibit set-up<ul><li>Vitrine and presentation technology<\/li><li>Exhibit staging<\/li><li>Development of presentation tools und displays <\/li><li>Mechanical and technical exhibit protection<\/li><li>Conservational basics<\/li><li>Art handling<\/li><li>Transport and Logistics <\/li><\/ul><\/li><li>Media technology<ul><li>Technical development of interactive audio and video terminals<\/li><li>Projection technology and installation<\/li><\/ul><\/li><li>Lighting and illumination <ul><li>Scenic illumination<\/li><li>Vitrine and exhibit lighting<\/li><\/ul><\/li><li>Language scills<ul><li>German: mother tongue<\/li><li>English: fluent<\/li><li>Chinese: intermediate (HSK4 vom 02.12.2018)<\/li><li>French: basics<\/li><\/ul><\/li><li>IT <ul><li>Excel<\/li><li>Word<\/li><li>Sketch Up<\/li><li>AutoCad<\/li><li>InDesign<\/li><li>Photoshop<\/li><\/ul><\/li><\/ul>\n\n\n<h2 id=\"ger\">&nbsp;<\/h2>\n\n\n<h1 class=\"wp-block-heading\">\u00dcber mich \u2026<\/h1>\n\n\n\n<p>Ich bin selbstst\u00e4ndiger Dienstleister mit Schwerpunkt auf Planung und Umsetzung von Kunst- und Ausstellungsprojekten. In Zusammenarbeit mit meinen KundInnen entwickele ich Strategien der  Inszenierung und Erz\u00e4hlung im Raum, wobei Machbarkeit und technische  Realisierung schon in der Entwicklung im Fokus stehen.<\/p>\n\n\n\n<p>Ob von der ersten Stunde an der Konzeption einer Ausstellung oder eines Kunstwerkes involviert, oder erst in der Umsetzung im Museum, der Galerie oder auf einer Messe, ich bin durch meine vielgestaltige Arbeitserfahrung \u2013 vom Off-Space bis zum renommieren Museum \u2013 an eine flexible, ergebnisorientierte und konstruktiv-probleml\u00f6sende Arbeitsweise gew\u00f6hnt. <\/p>\n\n\n\n<p>Die erfolgreiche Planung eines Projektes setzt hohe Detail- und Materialkenntnisse verbunden mit profundem technischem Know-how voraus. Diese F\u00e4higkeiten vereine ich und biete gleichzeitig spezialisierte Kenntnisse in der Display-, Medien- und Lichttechnik im Ausstellungskontext, sowie bei Projektmanagement, Budgetierung und Controlling. Mein gro\u00dfes Netzwerk an spezialisierten Zulieferern und Dienstleistern erg\u00e4nzt mein Profil.<\/p>\n\n\n\n<p>Ich studierte Kunstgeschichte und Sinologie an der Freien Universit\u00e4t Berlin, Universit\u00e4t Nanjing und der Albert-Ludwigs-Universit\u00e4t Freiburg. <\/p>\n\n\n\n<h1 class=\"wp-block-heading\">Profil<\/h1>\n\n\n\n<ul class=\"wp-block-list\"><li>Management <ul><li>Projektmanagement<\/li><li>Logistik und Gewerkeplanung<\/li><\/ul><\/li><li>Exponateinrichtung <ul><li>Vitrinen- und Pr\u00e4sentationstechnik<\/li><li>Exponatinszenierung<\/li><li>Entwicklung von Pr\u00e4sentationstools und Displays <\/li><li>Mechanische und technische Exponatsicherung<\/li><li>Konservatorisches Grundwissen<\/li><li>Art Handling<\/li><li>Transport und Logistik <\/li><\/ul><\/li><li>Medientechnik <ul><li>Technische Entwicklung von interaktiven Audio- und       Videostationen<\/li><li>Projektionstechnik und Installation<\/li><\/ul><\/li><li>Licht und Beleuchtung <ul><li>Szenische Beleuchtung<\/li><li>Vitrinen- und Exponatbeleuchtung<\/li><\/ul><\/li><li>Sprachen <ul><li>Deutsch: Muttersprache<\/li><li>Englisch: Flie\u00dfend<\/li><li>Chinesisch: Fortgeschritten (HSK4 vom 02.12.2018)<\/li><li>Franz\u00f6sisch: Grundlagen<\/li><\/ul><\/li><li>IT <ul><li>Excel<\/li><li>Word<\/li><li>Sketch Up<\/li><li>InDesign<\/li><li>Photoshop<\/li><\/ul><\/li><\/ul>\n","protected":false},"excerpt":{"rendered":"<p>&lt;&lt;f\u00fcr deutsche Version hier klicken&gt;&gt; I\u2019m a freelance service provider with a focus on developing and realizing art and exhibition projects. In cooperation with my clients I develop strategies to create a powerful staging of exhibits as well as technical solutions for the realization of art works, always with focus on feasibility and practicability. Whether [&hellip;]<\/p>\n","protected":false},"author":1,"featured_media":0,"parent":0,"menu_order":0,"comment_status":"closed","ping_status":"open","template":"","meta":{"footnotes":""},"class_list":["post-2","page","type-page","status-publish","hentry"],"_links":{"self":[{"href":"http:\/\/mathias.woelfing.org\/index.php?rest_route=\/wp\/v2\/pages\/2","targetHints":{"allow":["GET"]}}],"collection":[{"href":"http:\/\/mathias.woelfing.org\/index.php?rest_route=\/wp\/v2\/pages"}],"about":[{"href":"http:\/\/mathias.woelfing.org\/index.php?rest_route=\/wp\/v2\/types\/page"}],"author":[{"embeddable":true,"href":"http:\/\/mathias.woelfing.org\/index.php?rest_route=\/wp\/v2\/users\/1"}],"replies":[{"embeddable":true,"href":"http:\/\/mathias.woelfing.org\/index.php?rest_route=%2Fwp%2Fv2%2Fcomments&post=2"}],"version-history":[{"count":60,"href":"http:\/\/mathias.woelfing.org\/index.php?rest_route=\/wp\/v2\/pages\/2\/revisions"}],"predecessor-version":[{"id":534,"href":"http:\/\/mathias.woelfing.org\/index.php?rest_route=\/wp\/v2\/pages\/2\/revisions\/534"}],"wp:attachment":[{"href":"http:\/\/mathias.woelfing.org\/index.php?rest_route=%2Fwp%2Fv2%2Fmedia&parent=2"}],"curies":[{"name":"wp","href":"https:\/\/api.w.org\/{rel}","templated":true}]}}